{"id":1830,"date":"2023-11-23T19:06:10","date_gmt":"2023-11-23T18:06:10","guid":{"rendered":"https:\/\/www.lesjardinsdelamedina.com\/spa\/?post_type=product&#038;p=1830"},"modified":"2023-11-23T20:39:51","modified_gmt":"2023-11-23T19:39:51","slug":"soin-dorient-pour-les-mains-60-minutes","status":"publish","type":"product","link":"https:\/\/www.lesjardinsdelamedina.com\/spa\/en\/produit\/soin-dorient-pour-les-mains-60-minutes\/","title":{"rendered":"Soin d\u2019Orient pour les mains (60 minutes)"},"content":{"rendered":"<p>Un soin complet \u00e0 base d\u2019ingr\u00e9dients naturels, nourrissants et relaxants pour des mains douces, lisses et \u00e9l\u00e9gantes. Le savon noir est connu pour ses vertus purifiantes. Le gommage au sel marin et \u00e0 la lavande r\u00e9v\u00e8le une peau lisse et douce. Le massage relaxant \u00e0 l\u2019huile d\u2019argan nourrit et d\u00e9tend vos mains et poignets. Le soin se termine par une pause de vernis \u00e0 ongles de la couleur de votre choix. Ressentez la beaut\u00e9 et la douceur de vos mains.<\/p>\n","protected":false},"excerpt":{"rendered":"<p>Un soin complet \u00e0 base d\u2019ingr\u00e9dients naturels, nourrissants et relaxants pour des mains douces, lisses et \u00e9l\u00e9gantes. Le savon noir est connu pour ses vertus purifiantes. Le gommage au sel marin et \u00e0 la lavande r\u00e9v\u00e8le une peau lisse et douce. Le massage relaxant \u00e0 l\u2019huile d\u2019argan nourrit et d\u00e9tend vos mains et poignets. Le [&hellip;]<\/p>\n","protected":false},"featured_media":0,"template":"","meta":[],"_links":{"self":[{"href":"https:\/\/www.lesjardinsdelamedina.com\/spa\/en\/wp-json\/wp\/v2\/product\/1830"}],"collection":[{"href":"https:\/\/www.lesjardinsdelamedina.com\/spa\/en\/wp-json\/wp\/v2\/product"}],"about":[{"href":"https:\/\/www.lesjardinsdelamedina.com\/spa\/en\/wp-json\/wp\/v2\/types\/product"}],"wp:attachment":[{"href":"https:\/\/www.lesjardinsdelamedina.com\/spa\/en\/wp-json\/wp\/v2\/media?parent=1830"}],"curies":[{"name":"wp","href":"https:\/\/api.w.org\/{rel}","templated":true}]}}