{"id":1832,"date":"2023-11-23T19:07:14","date_gmt":"2023-11-23T18:07:14","guid":{"rendered":"https:\/\/www.lesjardinsdelamedina.com\/spa\/?post_type=product&#038;p=1832"},"modified":"2023-11-23T20:39:38","modified_gmt":"2023-11-23T19:39:38","slug":"soin-dorient-pour-les-pieds-60-minutes","status":"publish","type":"product","link":"https:\/\/www.lesjardinsdelamedina.com\/spa\/en\/produit\/soin-dorient-pour-les-pieds-60-minutes\/","title":{"rendered":"Soin d\u2019Orient pour les pieds (60 minutes)"},"content":{"rendered":"<p>Une exp\u00e9rience de bien-\u00eatre et d\u2019esth\u00e9tique. Un bain chaud apaisant pr\u00e9pare vos pieds aux diff\u00e9rentes \u00e9tapes du soin. D\u2019abord un gommage doux qui laisse vos pieds nets et soyeux. Le massage \u00e0 l\u2019huile d\u2019argan aide \u00e0 rel\u00e2cher les tensions et \u00e0 stimuler la circulation sanguine. Il vous procure une sensation de bien-\u00eatre et de l\u00e9g\u00e8ret\u00e9. Pour parfaire ce traitement, une pose de vernis \u00e0 ongles dans la couleur de votre choix, ajoute une touche d\u2019\u00e9l\u00e9gance \u00e0 vos pieds d\u00e9tendus.<\/p>\n","protected":false},"excerpt":{"rendered":"<p>Une exp\u00e9rience de bien-\u00eatre et d\u2019esth\u00e9tique. Un bain chaud apaisant pr\u00e9pare vos pieds aux diff\u00e9rentes \u00e9tapes du soin. D\u2019abord un gommage doux qui laisse vos pieds nets et soyeux. Le massage \u00e0 l\u2019huile d\u2019argan aide \u00e0 rel\u00e2cher les tensions et \u00e0 stimuler la circulation sanguine. Il vous procure une sensation de bien-\u00eatre et de l\u00e9g\u00e8ret\u00e9. [&hellip;]<\/p>\n","protected":false},"featured_media":0,"template":"","meta":[],"_links":{"self":[{"href":"https:\/\/www.lesjardinsdelamedina.com\/spa\/en\/wp-json\/wp\/v2\/product\/1832"}],"collection":[{"href":"https:\/\/www.lesjardinsdelamedina.com\/spa\/en\/wp-json\/wp\/v2\/product"}],"about":[{"href":"https:\/\/www.lesjardinsdelamedina.com\/spa\/en\/wp-json\/wp\/v2\/types\/product"}],"wp:attachment":[{"href":"https:\/\/www.lesjardinsdelamedina.com\/spa\/en\/wp-json\/wp\/v2\/media?parent=1832"}],"curies":[{"name":"wp","href":"https:\/\/api.w.org\/{rel}","templated":true}]}}