{"id":164,"date":"2018-02-12T03:06:57","date_gmt":"2018-02-12T03:06:57","guid":{"rendered":"http:\/\/www.lesjardinsdelamedina.com\/spa\/?page_id=164"},"modified":"2020-05-24T11:09:27","modified_gmt":"2020-05-24T10:09:27","slug":"boutique-spa","status":"publish","type":"page","link":"https:\/\/www.lesjardinsdelamedina.com\/spa\/","title":{"rendered":"Spa en ligne"},"content":{"rendered":"\n<div style=\"margin-top:40px;margin-left:-79px\">\n<ul style=\"list-style-type: none;\">\n<li class=\"col-md-4\">\n<a href=\"nos-offres-speciales-forfaits\/\"><center><img decoding=\"async\" loading=\"lazy\" src=\"https:\/\/www.lesjardinsdelamedina.com\/spa\/wp-content\/uploads\/2019\/12\/offres-speciales-1.jpg\" alt=\"\" width=\"300\" height=\"300\" class=\"overlay-image\"><h2 style=\"font-size:13px\">OFFRES SP\u00c9CIALES &amp; FORFAITS<\/h2><\/center><\/a><\/li>\n\n<li class=\"col-md-4\">\n<a href=\"lart-du-hammam\/\" class=\"woocommerce-LoopProduct-link woocommerce-loop-product__link\"><center><img decoding=\"async\" loading=\"lazy\" src=\"https:\/\/www.lesjardinsdelamedina.com\/spa\/wp-content\/uploads\/2019\/12\/hammam-1.jpg\" alt=\"\" width=\"300\" height=\"300\" class=\"overlay-image\"><h2 style=\"font-size:13px\">L&rsquo;ART DU HAMMAM<\/h2><\/center><\/a><\/li>\n\t\n<li class=\"col-md-4\">\n<a href=\"le-rituel-des-massages\/\" class=\"woocommerce-LoopProduct-link woocommerce-loop-product__link\"><center><img decoding=\"async\" loading=\"lazy\" src=\"https:\/\/www.lesjardinsdelamedina.com\/spa\/wp-content\/uploads\/2019\/12\/massage.jpg\" alt=\"\" width=\"300\" height=\"300\" class=\"overlay-image\"><h2 style=\"font-size:13px\">LE RITUEL DES MASSAGES<\/h2><\/center><\/a><\/li>\n\t\n<li class=\"col-md-4\">\n<a href=\"soins-de-beaute-barbier\/\" class=\"woocommerce-LoopProduct-link woocommerce-loop-product__link\"><center><img decoding=\"async\" loading=\"lazy\" src=\"https:\/\/www.lesjardinsdelamedina.com\/spa\/wp-content\/uploads\/2019\/12\/barbier.jpg\" alt=\"\" width=\"300\" height=\"300\" class=\"overlay-image\"><h2 style=\"font-size:13px\">SOINS DE BEAUT\u00c9 &amp; BARBIER<\/h2><\/center><\/a><\/li>\n\t\n<li class=\"col-md-4\">\n<a href=\"soins-pour-enfants\/\" class=\"woocommerce-LoopProduct-link woocommerce-loop-product__link\"><center><img decoding=\"async\" loading=\"lazy\" src=\"https:\/\/www.lesjardinsdelamedina.com\/spa\/wp-content\/uploads\/2019\/12\/soins-pour-enfants-2.jpg\" alt=\"\" width=\"300\" height=\"300\" class=\"overlay-image\"><h2 style=\"font-size:13px\">SOINS POUR ENFANTS<\/h2><\/center><\/a><\/li>\n\t\n<li class=\"col-md-4\">\n<a href=\"autres-therapies\/\" class=\"woocommerce-LoopProduct-link woocommerce-loop-product__link\"><center><img decoding=\"async\" loading=\"lazy\" src=\"https:\/\/www.lesjardinsdelamedina.com\/spa\/wp-content\/uploads\/2019\/12\/therapie.jpg\" alt=\"\" width=\"300\" height=\"300\" class=\"overlay-image\"><h2 style=\"font-size:13px\">AUTRES TH\u00c9RAPIES<\/h2><\/center><\/a><\/li>\n<\/ul>\n<\/div>\n<p>&nbsp;<\/p>\n","protected":false},"excerpt":{"rendered":"<p>OFFRES SP\u00c9CIALES &amp; FORFAITS L&rsquo;ART DU HAMMAM LE RITUEL DES MASSAGES SOINS DE BEAUT\u00c9 &amp; BARBIER SOINS POUR ENFANTS AUTRES TH\u00c9RAPIES &nbsp;<\/p>\n","protected":false},"author":1,"featured_media":0,"parent":0,"menu_order":0,"comment_status":"closed","ping_status":"closed","template":"front-page.php","meta":[],"_links":{"self":[{"href":"https:\/\/www.lesjardinsdelamedina.com\/spa\/wp-json\/wp\/v2\/pages\/164"}],"collection":[{"href":"https:\/\/www.lesjardinsdelamedina.com\/spa\/wp-json\/wp\/v2\/pages"}],"about":[{"href":"https:\/\/www.lesjardinsdelamedina.com\/spa\/wp-json\/wp\/v2\/types\/page"}],"author":[{"embeddable":true,"href":"https:\/\/www.lesjardinsdelamedina.com\/spa\/wp-json\/wp\/v2\/users\/1"}],"replies":[{"embeddable":true,"href":"https:\/\/www.lesjardinsdelamedina.com\/spa\/wp-json\/wp\/v2\/comments?post=164"}],"version-history":[{"count":150,"href":"https:\/\/www.lesjardinsdelamedina.com\/spa\/wp-json\/wp\/v2\/pages\/164\/revisions"}],"predecessor-version":[{"id":1253,"href":"https:\/\/www.lesjardinsdelamedina.com\/spa\/wp-json\/wp\/v2\/pages\/164\/revisions\/1253"}],"wp:attachment":[{"href":"https:\/\/www.lesjardinsdelamedina.com\/spa\/wp-json\/wp\/v2\/media?parent=164"}],"curies":[{"name":"wp","href":"https:\/\/api.w.org\/{rel}","templated":true}]}}