{"id":598,"date":"2017-05-11T03:14:17","date_gmt":"2017-05-11T02:14:17","guid":{"rendered":"https:\/\/www.lesjardinsdelamedina.com\/spa\/?post_type=product&#038;p=598"},"modified":"2024-05-02T17:28:45","modified_gmt":"2024-05-02T16:28:45","slug":"yoga-4pers","status":"publish","type":"product","link":"https:\/\/www.lesjardinsdelamedina.com\/spa\/produit\/yoga-4pers\/","title":{"rendered":"Yoga &#8211; 4pers (60 minutes)"},"content":{"rendered":"<p>Ayant une hygi\u00e8ne de vie \u00ab yoga \u00bb globale, les s\u00e9ances s\u2019inscrivent dans des programmes de gestion de stress et de recherche de Sant\u00e9 &amp; Bien-\u00eatre. Les cours varient en fonction du niveau de l\u2019\u00e9l\u00e8ve, de ses attentes et du nombre de s\u00e9ances souhait\u00e9. Ils s\u2019appuient \u00e9norm\u00e9ment sur le travail du sou\ufb04e et le ressenti. Chaque pratique est personnalis\u00e9e. Les tarifs incluent : Dates, eau et tisane.<\/p>\n","protected":false},"excerpt":{"rendered":"<p>Ayant une hygi\u00e8ne de vie \u00ab yoga \u00bb globale, les s\u00e9ances s\u2019inscrivent dans des programmes de gestion de stress et de recherche de Sant\u00e9 &amp; Bien-\u00eatre. Les cours varient en fonction du niveau de l\u2019\u00e9l\u00e8ve, de ses attentes et du nombre de s\u00e9ances souhait\u00e9. Ils s\u2019appuient \u00e9norm\u00e9ment sur le travail du sou\ufb04e et le ressenti. [&hellip;]<\/p>\n","protected":false},"featured_media":0,"template":"","meta":[],"_links":{"self":[{"href":"https:\/\/www.lesjardinsdelamedina.com\/spa\/wp-json\/wp\/v2\/product\/598"}],"collection":[{"href":"https:\/\/www.lesjardinsdelamedina.com\/spa\/wp-json\/wp\/v2\/product"}],"about":[{"href":"https:\/\/www.lesjardinsdelamedina.com\/spa\/wp-json\/wp\/v2\/types\/product"}],"wp:attachment":[{"href":"https:\/\/www.lesjardinsdelamedina.com\/spa\/wp-json\/wp\/v2\/media?parent=598"}],"curies":[{"name":"wp","href":"https:\/\/api.w.org\/{rel}","templated":true}]}}